{"id":357,"date":"2026-02-19T15:02:29","date_gmt":"2026-02-19T18:02:29","guid":{"rendered":"https:\/\/mega.informac.com.br\/?page_id=357"},"modified":"2026-02-19T15:07:48","modified_gmt":"2026-02-19T18:07:48","slug":"mega-rede-agora-e-informac-2","status":"publish","type":"page","link":"https:\/\/mega.informac.com.br\/","title":{"rendered":"Mega Rede agora \u00e9 Informac"},"content":{"rendered":"<section class=\"l-section wpb_row us_custom_1c00e585 height_medium\"><div class=\"l-section-h i-cf\"><div class=\"g-cols vc_row via_grid cols_1 laptops-cols_inherit tablets-cols_inherit mobiles-cols_1 valign_top type_default stacking_default\"><div class=\"wpb_column vc_column_container\"><div class=\"vc_column-inner\"><div class=\"w-image align_center\"><div class=\"w-image-h\"><img decoding=\"async\" width=\"1262\" height=\"129\" src=\"https:\/\/mega.informac.com.br\/wp-content\/uploads\/2026\/02\/teste-migracao-2.png\" class=\"attachment-full size-full\" alt=\"\" loading=\"lazy\" srcset=\"https:\/\/mega.informac.com.br\/wp-content\/uploads\/2026\/02\/teste-migracao-2.png 1262w, https:\/\/mega.informac.com.br\/wp-content\/uploads\/2026\/02\/teste-migracao-2-300x31.png 300w, https:\/\/mega.informac.com.br\/wp-content\/uploads\/2026\/02\/teste-migracao-2-1024x105.png 1024w, https:\/\/mega.informac.com.br\/wp-content\/uploads\/2026\/02\/teste-migracao-2-768x79.png 768w\" sizes=\"auto, (max-width: 1262px) 100vw, 1262px\" \/><\/div><\/div><div class=\"w-separator size_medium\"><\/div><div class=\"wpb_text_column us_custom_861f1820 has_text_color\"><div class=\"wpb_wrapper\"><p><strong>Temos uma novidade importante para voc\u00ea!<\/strong><\/p>\n<p>A MEGAREDE passa a operar oficialmente como INFORMAC.<\/p>\n<p>Para voc\u00ea, cliente, nada muda em rela\u00e7\u00e3o ao seu plano ou aos valores contratados. Pelo contr\u00e1rio: agora voc\u00ea conta com uma estrutura ainda mais robusta, mais tecnologia e ainda mais estabilidade na sua conex\u00e3o.<\/p>\n<p><strong>Fique atento<\/strong>:<\/p>\n<p>A partir do pr\u00f3ximo boleto, o nome exibido ser\u00e1 INFORMAC.<\/p>\n<p><strong>Pode ficar tranquilo<\/strong>:<\/p>\n<p>Seu contrato permanece o mesmo.<br \/>\nSeu plano continua o mesmo.<br \/>\nSua internet segue funcionando normalmente.<\/p>\n<p>Seguimos juntos, agora ainda mais fortes.<\/p>\n<\/div><\/div><div class=\"w-btn-wrapper align_center\"><a class=\"w-btn us-btn-style_5 icon_atleft\" href=\"https:\/\/informac.com.br\/\"><i class=\"far fa-home\"><\/i><span class=\"w-btn-label\">Ir para o Site Principal<\/span><\/a><\/div><\/div><\/div><\/div><\/div><\/section>\n","protected":false},"excerpt":{"rendered":"Temos uma novidade importante para voc\u00ea! A MEGAREDE passa a operar oficialmente como INFORMAC. Para voc\u00ea, cliente, nada muda em rela\u00e7\u00e3o ao seu plano ou aos valores contratados. Pelo contr\u00e1rio: agora voc\u00ea conta com uma estrutura ainda mais robusta, mais tecnologia e ainda mais estabilidade na sua conex\u00e3o. Fique atento: A partir do pr\u00f3ximo boleto,...","protected":false},"author":1,"featured_media":0,"parent":0,"menu_order":0,"comment_status":"closed","ping_status":"closed","template":"","meta":{"_acf_changed":false,"footnotes":""},"class_list":["post-357","page","type-page","status-publish","hentry"],"acf":[],"_links":{"self":[{"href":"https:\/\/mega.informac.com.br\/index.php\/wp-json\/wp\/v2\/pages\/357","targetHints":{"allow":["GET"]}}],"collection":[{"href":"https:\/\/mega.informac.com.br\/index.php\/wp-json\/wp\/v2\/pages"}],"about":[{"href":"https:\/\/mega.informac.com.br\/index.php\/wp-json\/wp\/v2\/types\/page"}],"author":[{"embeddable":true,"href":"https:\/\/mega.informac.com.br\/index.php\/wp-json\/wp\/v2\/users\/1"}],"replies":[{"embeddable":true,"href":"https:\/\/mega.informac.com.br\/index.php\/wp-json\/wp\/v2\/comments?post=357"}],"version-history":[{"count":2,"href":"https:\/\/mega.informac.com.br\/index.php\/wp-json\/wp\/v2\/pages\/357\/revisions"}],"predecessor-version":[{"id":362,"href":"https:\/\/mega.informac.com.br\/index.php\/wp-json\/wp\/v2\/pages\/357\/revisions\/362"}],"wp:attachment":[{"href":"https:\/\/mega.informac.com.br\/index.php\/wp-json\/wp\/v2\/media?parent=357"}],"curies":[{"name":"wp","href":"https:\/\/api.w.org\/{rel}","templated":true}]}}